{"id":1119,"date":"2021-06-05T13:35:26","date_gmt":"2021-06-05T13:35:26","guid":{"rendered":"http:\/\/emtable.com\/team-member\/"},"modified":"2021-10-01T18:32:07","modified_gmt":"2021-10-01T18:32:07","slug":"team-member","status":"publish","type":"page","link":"https:\/\/emtable.com\/fr\/team-member\/","title":{"rendered":"Histoire"},"content":{"rendered":"<div data-elementor-type=\"wp-page\" data-elementor-id=\"1119\" class=\"elementor elementor-1119\" data-elementor-settings=\"[]\">\n\t\t\t\t\t\t\t<div class=\"elementor-section-wrap\">\n\t\t\t\t\t\t\t<section data-particle_enable=\"false\" data-particle-mobile-disabled=\"false\" class=\"elementor-section elementor-top-section elementor-element elementor-element-1f700cf elementor-section-boxed elementor-section-height-default elementor-section-height-default\" data-id=\"1f700cf\" data-element_type=\"section\">\n\t\t\t\t\t\t<div class=\"elementor-container elementor-column-gap-default\">\n\t\t\t\t\t<div class=\"elementor-column elementor-col-50 elementor-top-column elementor-element elementor-element-af62176\" data-id=\"af62176\" data-element_type=\"column\">\n\t\t\t<div class=\"elementor-widget-wrap elementor-element-populated\">\n\t\t\t\t\t\t\t\t<div class=\"elementor-element elementor-element-8a5ad92 elementor-widget elementor-widget-heading\" data-id=\"8a5ad92\" data-element_type=\"widget\" data-widget_type=\"heading.default\">\n\t\t\t\t<div class=\"elementor-widget-container\">\n\t\t\t<h2 class=\"elementor-heading-title elementor-size-default\">Histoire des inventions<\/h2>\t\t<\/div>\n\t\t\t\t<\/div>\n\t\t\t\t<div class=\"elementor-element elementor-element-6c8db50 elementor-widget elementor-widget-text-editor\" data-id=\"6c8db50\" data-element_type=\"widget\" data-widget_type=\"text-editor.default\">\n\t\t\t\t<div class=\"elementor-widget-container\">\n\t\t\t\t\t\t\t<p>Fr\u00e9d\u00e9ric Guez Ost\u00e9opathe fran\u00e7ais (PhD), sp\u00e9cialiste en neuror\u00e9adaptation, co-fondateur et PDG chez M\u00e9thode Essentis\u00ae<\/p>\t\t\t\t\t\t<\/div>\n\t\t\t\t<\/div>\n\t\t\t\t<div class=\"elementor-element elementor-element-c40e5f8 elementor-invisible elementor-widget elementor-widget-heading\" data-id=\"c40e5f8\" data-element_type=\"widget\" data-settings=\"{&quot;_animation&quot;:&quot;fadeIn&quot;}\" data-widget_type=\"heading.default\">\n\t\t\t\t<div class=\"elementor-widget-container\">\n\t\t\t<h2 class=\"elementor-heading-title elementor-size-default\">Histoire de famille:\n<\/h2>\t\t<\/div>\n\t\t\t\t<\/div>\n\t\t\t\t<div class=\"elementor-element elementor-element-6430236 elementor-widget elementor-widget-text-editor\" data-id=\"6430236\" data-element_type=\"widget\" data-widget_type=\"text-editor.default\">\n\t\t\t\t<div class=\"elementor-widget-container\">\n\t\t\t\t\t\t\t<p>Su tatarabuelo Louis Forest, ebanista parisino cre\u00f3una de las primeras mesas de Rayos X  en 1910. \nSu padre Gerard Guez patent\u00f3 Essentis\u00ae Pillow en el a\u00f1o 2000.\nY Fr\u00e9d\u00e9ric invento y patento El dispositivo m\u00e9dico ACTIVOEmtable\u00ae en 2019.<\/p>\t\t\t\t\t\t<\/div>\n\t\t\t\t<\/div>\n\t\t\t\t\t<\/div>\n\t\t<\/div>\n\t\t\t\t<div class=\"elementor-column elementor-col-50 elementor-top-column elementor-element elementor-element-9261624\" data-id=\"9261624\" data-element_type=\"column\">\n\t\t\t<div class=\"elementor-widget-wrap elementor-element-populated\">\n\t\t\t\t\t\t\t\t<div class=\"elementor-element elementor-element-dcc30a1 elementor-widget elementor-widget-image\" data-id=\"dcc30a1\" data-element_type=\"widget\" data-widget_type=\"image.default\">\n\t\t\t\t<div class=\"elementor-widget-container\">\n\t\t\t\t\t\t\t\t\t\t\t\t\t\t\t<img decoding=\"async\" width=\"591\" height=\"511\" src=\"https:\/\/emtable.com\/wp-content\/uploads\/2021\/09\/Poli\u0301gono-1-copia-3.png\" class=\"attachment-large size-large\" alt=\"\" loading=\"lazy\" \/>\t\t\t\t\t\t\t\t\t\t\t\t\t\t\t<\/div>\n\t\t\t\t<\/div>\n\t\t\t\t\t<\/div>\n\t\t<\/div>\n\t\t\t\t\t\t\t<\/div>\n\t\t<\/section>\n\t\t\t\t<section data-particle_enable=\"false\" data-particle-mobile-disabled=\"false\" class=\"elementor-section elementor-top-section elementor-element elementor-element-4caace3 elementor-section-boxed elementor-section-height-default elementor-section-height-default\" data-id=\"4caace3\" data-element_type=\"section\" data-settings=\"{&quot;background_background&quot;:&quot;classic&quot;}\">\n\t\t\t\t\t\t\t<div class=\"elementor-background-overlay\"><\/div>\n\t\t\t\t\t\t\t<div class=\"elementor-container elementor-column-gap-default\">\n\t\t\t\t\t<div class=\"elementor-column elementor-col-50 elementor-top-column elementor-element elementor-element-a653af3\" data-id=\"a653af3\" data-element_type=\"column\">\n\t\t\t<div class=\"elementor-widget-wrap elementor-element-populated\">\n\t\t\t\t\t\t\t\t<div class=\"elementor-element elementor-element-1c799ab elementor-widget elementor-widget-image\" data-id=\"1c799ab\" data-element_type=\"widget\" data-widget_type=\"image.default\">\n\t\t\t\t<div class=\"elementor-widget-container\">\n\t\t\t\t\t\t\t\t\t\t\t\t\t\t\t<img decoding=\"async\" width=\"1893\" height=\"1543\" src=\"https:\/\/emtable.com\/wp-content\/uploads\/2021\/09\/CAMILLA-EMTABLE0263.png\" class=\"attachment-full size-full\" alt=\"\" loading=\"lazy\" \/>\t\t\t\t\t\t\t\t\t\t\t\t\t\t\t<\/div>\n\t\t\t\t<\/div>\n\t\t\t\t\t<\/div>\n\t\t<\/div>\n\t\t\t\t<div class=\"elementor-column elementor-col-50 elementor-top-column elementor-element elementor-element-626afff\" data-id=\"626afff\" data-element_type=\"column\">\n\t\t\t<div class=\"elementor-widget-wrap elementor-element-populated\">\n\t\t\t\t\t\t\t\t<div class=\"elementor-element elementor-element-1e47efc elementor-widget elementor-widget-spacer\" data-id=\"1e47efc\" data-element_type=\"widget\" data-widget_type=\"spacer.default\">\n\t\t\t\t<div class=\"elementor-widget-container\">\n\t\t\t\t\t<div class=\"elementor-spacer\">\n\t\t\t<div class=\"elementor-spacer-inner\"><\/div>\n\t\t<\/div>\n\t\t\t\t<\/div>\n\t\t\t\t<\/div>\n\t\t\t\t<div class=\"elementor-element elementor-element-678df33 elementor-widget elementor-widget-text-editor\" data-id=\"678df33\" data-element_type=\"widget\" data-widget_type=\"text-editor.default\">\n\t\t\t\t<div class=\"elementor-widget-container\">\n\t\t\t\t\t\t\t<p style=\"text-align: right;\"><span style=\"color: #333399;\">Notre dispositif m\u00e9dical actif Emtable\u00ae<\/span> <span style=\"color: #999999;\">est le r\u00e9sultat d'ann\u00e9es de pratiques cliniques au service des patients p\u00e9diatriques et g\u00e9riatriques.<\/span><\/p>\t\t\t\t\t\t<\/div>\n\t\t\t\t<\/div>\n\t\t\t\t\t<\/div>\n\t\t<\/div>\n\t\t\t\t\t\t\t<\/div>\n\t\t<\/section>\n\t\t\t\t<section data-particle_enable=\"false\" data-particle-mobile-disabled=\"false\" class=\"elementor-section elementor-top-section elementor-element elementor-element-682799e elementor-section-boxed elementor-section-height-default elementor-section-height-default\" data-id=\"682799e\" data-element_type=\"section\" data-settings=\"{&quot;background_background&quot;:&quot;classic&quot;}\">\n\t\t\t\t\t\t\t<div class=\"elementor-background-overlay\"><\/div>\n\t\t\t\t\t\t\t<div class=\"elementor-container elementor-column-gap-default\">\n\t\t\t\t\t<div class=\"elementor-column elementor-col-100 elementor-top-column elementor-element elementor-element-54f7c8e\" data-id=\"54f7c8e\" data-element_type=\"column\">\n\t\t\t<div class=\"elementor-widget-wrap elementor-element-populated\">\n\t\t\t\t\t\t\t\t<div class=\"elementor-element elementor-element-b581824 elementor-widget elementor-widget-heading\" data-id=\"b581824\" data-element_type=\"widget\" data-widget_type=\"heading.default\">\n\t\t\t\t<div class=\"elementor-widget-container\">\n\t\t\t<h2 class=\"elementor-heading-title elementor-size-default\">Il rassemble dans son ADN 3 id\u00e9es: <\/h2>\t\t<\/div>\n\t\t\t\t<\/div>\n\t\t\t\t<div class=\"elementor-element elementor-element-982c754 elementor-widget elementor-widget-text-editor\" data-id=\"982c754\" data-element_type=\"widget\" data-widget_type=\"text-editor.default\">\n\t\t\t\t<div class=\"elementor-widget-container\">\n\t\t\t\t\t\t\t<p><strong><span style=\"color: #0000ff;\">ADAPTATION AU STRESS <\/span><\/strong><\/p><p>L\u2019oscillation berce le patient, r\u00e9duisant ainsi son niveau de stress. Cela diminue l\u2019hyper sympathicotonie  et offre une strategie de camoufflage (comme observ\u00e9 chez les cam\u00e9l\u00e9ons).<\/p><p><strong><span style=\"color: #0000ff;\">COGNITION INCARN\u00c9E (Enaction) <\/span><\/strong><\/p><p>Bas\u00e9 sur la th\u00e9orie de 1987 du neurobiologiste chilien A. Varela : soumettre le corps \u00e0 une stimulation rythmique (m\u00e9canis\u00e9e) g\u00e9n\u00e8re des capacit\u00e9s cognitives optimis\u00e9es et facilite la cr\u00e9ation de nouveaux arcs r\u00e9flexes (plasticit\u00e9 c\u00e9r\u00e9brale)<\/p><p><span style=\"color: #0000ff;\"><strong>PLUS FACILE LA S\u00c9CR\u00c9TION D'eNos <\/strong><\/span><\/p><p>Avec seulement 30 minutes de stimulation sur notre table active, les niveaux d'oxyde nitrique (eNos) augmentent de fa\u00e7on exponentielle. eNos est consid\u00e9r\u00e9 comme une enzyme fontaine de jouvence pour ses propri\u00e9t\u00e9s vasodilatatrices. Afin d'optimiser la s\u00e9cr\u00e9tion de monoxyde d'azote, le brevet repose sur un algorithme complexe : structure \/ fonction \/ efficacit\u00e9 \/ biologie \/ biom\u00e9canique.<\/p><p><span style=\"color: #e16f0a;\">Une \u00e9tude externe a \u00e9t\u00e9 r\u00e9alis\u00e9e en 2020 dans le groupe Orpea\u00ae et nous avons re\u00e7u le prix \u00ab International Innovation Award (Orpea\u00ae Award 2020) \u00bb; \u00e9tude qui a d\u00e9montr\u00e9 les b\u00e9n\u00e9fices de son utilisation chez les patients \u00e2g\u00e9s. \nEn 2020, les c\u00e9l\u00e8bres \u00ab Financial Times et Bloomberg \u00bb ont fait des articles sur ce prix. <\/span><\/p>\t\t\t\t\t\t<\/div>\n\t\t\t\t<\/div>\n\t\t\t\t<div class=\"elementor-element elementor-element-2d040ac elementor-widget__width-auto elementor-absolute elementor-widget elementor-widget-image\" data-id=\"2d040ac\" data-element_type=\"widget\" data-settings=\"{&quot;_position&quot;:&quot;absolute&quot;}\" data-widget_type=\"image.default\">\n\t\t\t\t<div class=\"elementor-widget-container\">\n\t\t\t\t\t\t\t\t\t\t\t\t\t\t\t<img decoding=\"async\" width=\"329\" height=\"135\" src=\"https:\/\/emtable.com\/wp-content\/uploads\/2021\/07\/logo.png\" class=\"attachment-full size-full\" alt=\"\" loading=\"lazy\" \/>\t\t\t\t\t\t\t\t\t\t\t\t\t\t\t<\/div>\n\t\t\t\t<\/div>\n\t\t\t\t<div class=\"elementor-element elementor-element-1ee4652 elementor-widget__width-auto elementor-absolute elementor-widget elementor-widget-image\" data-id=\"1ee4652\" data-element_type=\"widget\" data-settings=\"{&quot;_position&quot;:&quot;absolute&quot;}\" data-widget_type=\"image.default\">\n\t\t\t\t<div class=\"elementor-widget-container\">\n\t\t\t\t\t\t\t\t\t\t\t\t\t\t\t<img decoding=\"async\" src=\"http:\/\/landio.uicore.co\/pages\/wp-content\/uploads\/sites\/8\/2021\/06\/Pages-element-5.png\" title=\"\" alt=\"\" \/>\t\t\t\t\t\t\t\t\t\t\t\t\t\t\t<\/div>\n\t\t\t\t<\/div>\n\t\t\t\t\t<\/div>\n\t\t<\/div>\n\t\t\t\t\t\t\t<\/div>\n\t\t<\/section>\n\t\t\t\t\t\t<\/div>\n\t\t\t\t\t<\/div>","protected":false},"excerpt":{"rendered":"<p>Historia de la invenci\u00f3n Fr\u00e9d\u00e9ric Guez oste\u00f3pata franc\u00e9s (PhD), especialista en neurorehabilitaci\u00f3n, co-fundador y CEO de M\u00e9todo Essentis\u00ae Historia familiar: Su tatarabuelo [&hellip;]<\/p>","protected":false},"author":1,"featured_media":0,"parent":0,"menu_order":0,"comment_status":"closed","ping_status":"closed","template":"","meta":[],"_links":{"self":[{"href":"https:\/\/emtable.com\/fr\/wp-json\/wp\/v2\/pages\/1119"}],"collection":[{"href":"https:\/\/emtable.com\/fr\/wp-json\/wp\/v2\/pages"}],"about":[{"href":"https:\/\/emtable.com\/fr\/wp-json\/wp\/v2\/types\/page"}],"author":[{"embeddable":true,"href":"https:\/\/emtable.com\/fr\/wp-json\/wp\/v2\/users\/1"}],"replies":[{"embeddable":true,"href":"https:\/\/emtable.com\/fr\/wp-json\/wp\/v2\/comments?post=1119"}],"version-history":[{"count":33,"href":"https:\/\/emtable.com\/fr\/wp-json\/wp\/v2\/pages\/1119\/revisions"}],"predecessor-version":[{"id":2114,"href":"https:\/\/emtable.com\/fr\/wp-json\/wp\/v2\/pages\/1119\/revisions\/2114"}],"wp:attachment":[{"href":"https:\/\/emtable.com\/fr\/wp-json\/wp\/v2\/media?parent=1119"}],"curies":[{"name":"wp","href":"https:\/\/api.w.org\/{rel}","templated":true}]}}