{"id":1119,"date":"2021-06-05T13:35:26","date_gmt":"2021-06-05T13:35:26","guid":{"rendered":"http:\/\/emtable.com\/team-member\/"},"modified":"2021-10-01T18:32:07","modified_gmt":"2021-10-01T18:32:07","slug":"team-member","status":"publish","type":"page","link":"https:\/\/emtable.com\/en\/team-member\/","title":{"rendered":"History"},"content":{"rendered":"<div data-elementor-type=\"wp-page\" data-elementor-id=\"1119\" class=\"elementor elementor-1119\" data-elementor-settings=\"[]\">\n\t\t\t\t\t\t\t<div class=\"elementor-section-wrap\">\n\t\t\t\t\t\t\t<section data-particle_enable=\"false\" data-particle-mobile-disabled=\"false\" class=\"elementor-section elementor-top-section elementor-element elementor-element-1f700cf elementor-section-boxed elementor-section-height-default elementor-section-height-default\" data-id=\"1f700cf\" data-element_type=\"section\">\n\t\t\t\t\t\t<div class=\"elementor-container elementor-column-gap-default\">\n\t\t\t\t\t<div class=\"elementor-column elementor-col-50 elementor-top-column elementor-element elementor-element-af62176\" data-id=\"af62176\" data-element_type=\"column\">\n\t\t\t<div class=\"elementor-widget-wrap elementor-element-populated\">\n\t\t\t\t\t\t\t\t<div class=\"elementor-element elementor-element-8a5ad92 elementor-widget elementor-widget-heading\" data-id=\"8a5ad92\" data-element_type=\"widget\" data-widget_type=\"heading.default\">\n\t\t\t\t<div class=\"elementor-widget-container\">\n\t\t\t<h2 class=\"elementor-heading-title elementor-size-default\">Invention history<\/h2>\t\t<\/div>\n\t\t\t\t<\/div>\n\t\t\t\t<div class=\"elementor-element elementor-element-6c8db50 elementor-widget elementor-widget-text-editor\" data-id=\"6c8db50\" data-element_type=\"widget\" data-widget_type=\"text-editor.default\">\n\t\t\t\t<div class=\"elementor-widget-container\">\n\t\t\t\t\t\t\t<p>Fr\u00e9d\u00e9ric Guez French osteopath (PhD), specialist in neurorehabilitation, co-founder and CEO of the Essentis\u00ae Method<\/p>\t\t\t\t\t\t<\/div>\n\t\t\t\t<\/div>\n\t\t\t\t<div class=\"elementor-element elementor-element-c40e5f8 elementor-invisible elementor-widget elementor-widget-heading\" data-id=\"c40e5f8\" data-element_type=\"widget\" data-settings=\"{&quot;_animation&quot;:&quot;fadeIn&quot;}\" data-widget_type=\"heading.default\">\n\t\t\t\t<div class=\"elementor-widget-container\">\n\t\t\t<h2 class=\"elementor-heading-title elementor-size-default\">Family history:\n<\/h2>\t\t<\/div>\n\t\t\t\t<\/div>\n\t\t\t\t<div class=\"elementor-element elementor-element-6430236 elementor-widget elementor-widget-text-editor\" data-id=\"6430236\" data-element_type=\"widget\" data-widget_type=\"text-editor.default\">\n\t\t\t\t<div class=\"elementor-widget-container\">\n\t\t\t\t\t\t\t<p>His great-great-grandfather Louis Forest, a Parisian cabinetmaker, created one of the first X-ray tables in 1910. His father, Gerard Guez, patented the Essentis\u00ae Pillow in 2000. And Fr\u00e9d\u00e9ric invented and patented The Emtable\u00ae ACTIVE medical device in 2019.<\/p>\t\t\t\t\t\t<\/div>\n\t\t\t\t<\/div>\n\t\t\t\t\t<\/div>\n\t\t<\/div>\n\t\t\t\t<div class=\"elementor-column elementor-col-50 elementor-top-column elementor-element elementor-element-9261624\" data-id=\"9261624\" data-element_type=\"column\">\n\t\t\t<div class=\"elementor-widget-wrap elementor-element-populated\">\n\t\t\t\t\t\t\t\t<div class=\"elementor-element elementor-element-dcc30a1 elementor-widget elementor-widget-image\" data-id=\"dcc30a1\" data-element_type=\"widget\" data-widget_type=\"image.default\">\n\t\t\t\t<div class=\"elementor-widget-container\">\n\t\t\t\t\t\t\t\t\t\t\t\t\t\t\t<img decoding=\"async\" width=\"591\" height=\"511\" src=\"https:\/\/emtable.com\/wp-content\/uploads\/2021\/09\/Poli\u0301gono-1-copia-3.png\" class=\"attachment-large size-large\" alt=\"\" loading=\"lazy\" \/>\t\t\t\t\t\t\t\t\t\t\t\t\t\t\t<\/div>\n\t\t\t\t<\/div>\n\t\t\t\t\t<\/div>\n\t\t<\/div>\n\t\t\t\t\t\t\t<\/div>\n\t\t<\/section>\n\t\t\t\t<section data-particle_enable=\"false\" data-particle-mobile-disabled=\"false\" class=\"elementor-section elementor-top-section elementor-element elementor-element-4caace3 elementor-section-boxed elementor-section-height-default elementor-section-height-default\" data-id=\"4caace3\" data-element_type=\"section\" data-settings=\"{&quot;background_background&quot;:&quot;classic&quot;}\">\n\t\t\t\t\t\t\t<div class=\"elementor-background-overlay\"><\/div>\n\t\t\t\t\t\t\t<div class=\"elementor-container elementor-column-gap-default\">\n\t\t\t\t\t<div class=\"elementor-column elementor-col-50 elementor-top-column elementor-element elementor-element-a653af3\" data-id=\"a653af3\" data-element_type=\"column\">\n\t\t\t<div class=\"elementor-widget-wrap elementor-element-populated\">\n\t\t\t\t\t\t\t\t<div class=\"elementor-element elementor-element-1c799ab elementor-widget elementor-widget-image\" data-id=\"1c799ab\" data-element_type=\"widget\" data-widget_type=\"image.default\">\n\t\t\t\t<div class=\"elementor-widget-container\">\n\t\t\t\t\t\t\t\t\t\t\t\t\t\t\t<img decoding=\"async\" width=\"1893\" height=\"1543\" src=\"https:\/\/emtable.com\/wp-content\/uploads\/2021\/09\/CAMILLA-EMTABLE0263.png\" class=\"attachment-full size-full\" alt=\"\" loading=\"lazy\" \/>\t\t\t\t\t\t\t\t\t\t\t\t\t\t\t<\/div>\n\t\t\t\t<\/div>\n\t\t\t\t\t<\/div>\n\t\t<\/div>\n\t\t\t\t<div class=\"elementor-column elementor-col-50 elementor-top-column elementor-element elementor-element-626afff\" data-id=\"626afff\" data-element_type=\"column\">\n\t\t\t<div class=\"elementor-widget-wrap elementor-element-populated\">\n\t\t\t\t\t\t\t\t<div class=\"elementor-element elementor-element-1e47efc elementor-widget elementor-widget-spacer\" data-id=\"1e47efc\" data-element_type=\"widget\" data-widget_type=\"spacer.default\">\n\t\t\t\t<div class=\"elementor-widget-container\">\n\t\t\t\t\t<div class=\"elementor-spacer\">\n\t\t\t<div class=\"elementor-spacer-inner\"><\/div>\n\t\t<\/div>\n\t\t\t\t<\/div>\n\t\t\t\t<\/div>\n\t\t\t\t<div class=\"elementor-element elementor-element-678df33 elementor-widget elementor-widget-text-editor\" data-id=\"678df33\" data-element_type=\"widget\" data-widget_type=\"text-editor.default\">\n\t\t\t\t<div class=\"elementor-widget-container\">\n\t\t\t\t\t\t\t<p style=\"text-align: right;\"><span style=\"color: #333399;\">The Emtable\u00ae ACTIVE stretcher \/ medical device<\/span> <span style=\"color: #999999;\">It is the result of years of clinical practices serving pediatric and geriatric patients.<\/span><\/p>\t\t\t\t\t\t<\/div>\n\t\t\t\t<\/div>\n\t\t\t\t\t<\/div>\n\t\t<\/div>\n\t\t\t\t\t\t\t<\/div>\n\t\t<\/section>\n\t\t\t\t<section data-particle_enable=\"false\" data-particle-mobile-disabled=\"false\" class=\"elementor-section elementor-top-section elementor-element elementor-element-682799e elementor-section-boxed elementor-section-height-default elementor-section-height-default\" data-id=\"682799e\" data-element_type=\"section\" data-settings=\"{&quot;background_background&quot;:&quot;classic&quot;}\">\n\t\t\t\t\t\t\t<div class=\"elementor-background-overlay\"><\/div>\n\t\t\t\t\t\t\t<div class=\"elementor-container elementor-column-gap-default\">\n\t\t\t\t\t<div class=\"elementor-column elementor-col-100 elementor-top-column elementor-element elementor-element-54f7c8e\" data-id=\"54f7c8e\" data-element_type=\"column\">\n\t\t\t<div class=\"elementor-widget-wrap elementor-element-populated\">\n\t\t\t\t\t\t\t\t<div class=\"elementor-element elementor-element-b581824 elementor-widget elementor-widget-heading\" data-id=\"b581824\" data-element_type=\"widget\" data-widget_type=\"heading.default\">\n\t\t\t\t<div class=\"elementor-widget-container\">\n\t\t\t<h2 class=\"elementor-heading-title elementor-size-default\">It gathers in its DNA 3 ideas: <\/h2>\t\t<\/div>\n\t\t\t\t<\/div>\n\t\t\t\t<div class=\"elementor-element elementor-element-982c754 elementor-widget elementor-widget-text-editor\" data-id=\"982c754\" data-element_type=\"widget\" data-widget_type=\"text-editor.default\">\n\t\t\t\t<div class=\"elementor-widget-container\">\n\t\t\t\t\t\t\t<p><strong><span style=\"color: #0000ff;\">ADAPTATION TO STRESS <\/span><\/strong><\/p><p>The TURN rocks the patient thus reducing their stress level. This generates, the camouflage strategy, behavior based on the observation of the chameleons.<\/p><p><strong><span style=\"color: #0000ff;\">INCARNATE COGNITION <\/span><\/strong><\/p><p>Based on the 1987 theory of the Chilean neuro-biologist A. Varela: Subjecting the body to rhythmic (mechanized) stimulation generates optimized cognitive capacities and facilitates the creation of new reflex arcs (brain plasticity)<\/p><p><span style=\"color: #0000ff;\"><strong>EASIER SECRETION OF eNos <\/strong><\/span><\/p><p>With just 30 minutes of stimulation on the active device, nitric oxide (eNos) levels increase exponentially. ENos is considered a fountain of youth enzyme for its vasodilator properties. In order to optimize nitric oxide secretion, the patent is based on a complex algorithm: structure \/ function \/ efficiency \/ biology \/ biomechanics.<\/p><p><span style=\"color: #e16f0a;\">An external study was carried out in 2020 in the Orpea\u00ae group and we managed to be awarded the \u201cInternational Award for Innovation (Orpea\u00ae Award 2020)\u201d on the benefits of its use in elderly patients. In 2020 the famous \u201cFinancial Times and Bloomberg\u201d made articles about this award. <\/span><\/p>\t\t\t\t\t\t<\/div>\n\t\t\t\t<\/div>\n\t\t\t\t<div class=\"elementor-element elementor-element-2d040ac elementor-widget__width-auto elementor-absolute elementor-widget elementor-widget-image\" data-id=\"2d040ac\" data-element_type=\"widget\" data-settings=\"{&quot;_position&quot;:&quot;absolute&quot;}\" data-widget_type=\"image.default\">\n\t\t\t\t<div class=\"elementor-widget-container\">\n\t\t\t\t\t\t\t\t\t\t\t\t\t\t\t<img decoding=\"async\" width=\"329\" height=\"135\" src=\"https:\/\/emtable.com\/wp-content\/uploads\/2021\/07\/logo.png\" class=\"attachment-full size-full\" alt=\"\" loading=\"lazy\" \/>\t\t\t\t\t\t\t\t\t\t\t\t\t\t\t<\/div>\n\t\t\t\t<\/div>\n\t\t\t\t<div class=\"elementor-element elementor-element-1ee4652 elementor-widget__width-auto elementor-absolute elementor-widget elementor-widget-image\" data-id=\"1ee4652\" data-element_type=\"widget\" data-settings=\"{&quot;_position&quot;:&quot;absolute&quot;}\" data-widget_type=\"image.default\">\n\t\t\t\t<div class=\"elementor-widget-container\">\n\t\t\t\t\t\t\t\t\t\t\t\t\t\t\t<img decoding=\"async\" src=\"http:\/\/landio.uicore.co\/pages\/wp-content\/uploads\/sites\/8\/2021\/06\/Pages-element-5.png\" title=\"\" alt=\"\" \/>\t\t\t\t\t\t\t\t\t\t\t\t\t\t\t<\/div>\n\t\t\t\t<\/div>\n\t\t\t\t\t<\/div>\n\t\t<\/div>\n\t\t\t\t\t\t\t<\/div>\n\t\t<\/section>\n\t\t\t\t\t\t<\/div>\n\t\t\t\t\t<\/div>","protected":false},"excerpt":{"rendered":"<p>Historia de la invenci\u00f3n Fr\u00e9d\u00e9ric Guez oste\u00f3pata franc\u00e9s (PhD), especialista en neurorehabilitaci\u00f3n, co-fundador y CEO de M\u00e9todo Essentis\u00ae Historia familiar: Su tatarabuelo [&hellip;]<\/p>","protected":false},"author":1,"featured_media":0,"parent":0,"menu_order":0,"comment_status":"closed","ping_status":"closed","template":"","meta":[],"_links":{"self":[{"href":"https:\/\/emtable.com\/en\/wp-json\/wp\/v2\/pages\/1119"}],"collection":[{"href":"https:\/\/emtable.com\/en\/wp-json\/wp\/v2\/pages"}],"about":[{"href":"https:\/\/emtable.com\/en\/wp-json\/wp\/v2\/types\/page"}],"author":[{"embeddable":true,"href":"https:\/\/emtable.com\/en\/wp-json\/wp\/v2\/users\/1"}],"replies":[{"embeddable":true,"href":"https:\/\/emtable.com\/en\/wp-json\/wp\/v2\/comments?post=1119"}],"version-history":[{"count":33,"href":"https:\/\/emtable.com\/en\/wp-json\/wp\/v2\/pages\/1119\/revisions"}],"predecessor-version":[{"id":2114,"href":"https:\/\/emtable.com\/en\/wp-json\/wp\/v2\/pages\/1119\/revisions\/2114"}],"wp:attachment":[{"href":"https:\/\/emtable.com\/en\/wp-json\/wp\/v2\/media?parent=1119"}],"curies":[{"name":"wp","href":"https:\/\/api.w.org\/{rel}","templated":true}]}}